{"id":6926,"date":"2024-07-31T07:00:26","date_gmt":"2024-07-31T05:00:26","guid":{"rendered":"https:\/\/www.bitmedia.at\/?post_type=product&#038;p=6926"},"modified":"2026-03-17T09:31:50","modified_gmt":"2026-03-17T08:31:50","slug":"digi-skills-education","status":"publish","type":"product","link":"https:\/\/www.bitmedia.at\/en\/produkt\/digi-skills-education\/","title":{"rendered":"digi.skills education"},"content":{"rendered":"<div class=\"fusion-fullwidth fullwidth-box fusion-builder-row-1 fusion-flex-container nonhundred-percent-fullwidth non-hundred-percent-height-scrolling\" style=\"--awb-border-radius-top-left:0px;--awb-border-radius-top-right:0px;--awb-border-radius-bottom-right:0px;--awb-border-radius-bottom-left:0px;--awb-padding-right:0px;--awb-padding-left:0px;--awb-flex-wrap:wrap;\" ><div class=\"fusion-builder-row fusion-row fusion-flex-align-items-flex-start fusion-flex-content-wrap\" style=\"max-width:1248px;margin-left: calc(-4% \/ 2 );margin-right: calc(-4% \/ 2 );\"><div class=\"fusion-layout-column fusion_builder_column fusion-builder-column-0 fusion_builder_column_1_1 1_1 fusion-flex-column\" style=\"--awb-bg-size:cover;--awb-width-large:100%;--awb-margin-top-large:0px;--awb-spacing-right-large:1.92%;--awb-margin-bottom-large:20px;--awb-spacing-left-large:1.92%;--awb-width-medium:100%;--awb-order-medium:0;--awb-spacing-right-medium:1.92%;--awb-spacing-left-medium:1.92%;--awb-width-small:100%;--awb-order-small:0;--awb-spacing-right-small:1.92%;--awb-spacing-left-small:1.92%;\"><div class=\"fusion-column-wrapper fusion-column-has-shadow fusion-flex-justify-content-flex-start fusion-content-layout-column\"><ul style=\"--awb-size:18px;--awb-iconcolor:var(--awb-color8);--awb-line-height:30.6px;--awb-icon-width:30.6px;--awb-icon-height:30.6px;--awb-icon-margin:12.6px;--awb-content-margin:43.2px;\" class=\"fusion-checklist fusion-checklist-1 fusion-checklist-default type-icons\"><li class=\"fusion-li-item\" style=\"\"><span class=\"icon-wrapper circle-no\"><i class=\"fusion-li-icon fa-user-alt fas\" aria-hidden=\"true\"><\/i><\/span><div class=\"fusion-li-item-content\">\n<p><strong>ZIELGRUPPE<\/strong>: Privatpersonen, Mitarbeiter:innen von Unternehmen und Institutionen, Sch\u00fcler:innen ab 5. Schulstufe<\/p>\n<\/div><\/li><li class=\"fusion-li-item\" style=\"\"><span class=\"icon-wrapper circle-no\"><i class=\"fusion-li-icon fa-clock fas\" aria-hidden=\"true\"><\/i><\/span><div class=\"fusion-li-item-content\">\n<p><strong>LERNZEIT<\/strong>: ca. 35 Stunden<\/p>\n<\/div><\/li><li class=\"fusion-li-item\" style=\"\"><span class=\"icon-wrapper circle-no\"><i class=\"fusion-li-icon fa-bullseye fas\" aria-hidden=\"true\"><\/i><\/span><div class=\"fusion-li-item-content\">\n<p><strong>SPRACHE<\/strong>: Deutsch<\/p>\n<\/div><\/li><li class=\"fusion-li-item\" style=\"\"><span class=\"icon-wrapper circle-no\"><i class=\"fusion-li-icon fa-tasks fas\" aria-hidden=\"true\"><\/i><\/span><div class=\"fusion-li-item-content\">\n<p><strong>INHALTE<\/strong>:<\/p>\n<ul>\n<li>Einstieg \u2013 Digitales Arbeiten<\/li>\n<li>Medienwandel und Gesellschaft<\/li>\n<li>Daten, Informationen und Informationssysteme<\/li>\n<li>Digitale Kommunikation und Social Media<\/li>\n<li>Computational Thinking \u2013 Digitale Inhalte entwerfen und erstellen<\/li>\n<li>M\u00f6glichkeiten der Digitalisierung nutzen<\/li>\n<\/ul>\n<\/div><\/li><li class=\"fusion-li-item\" style=\"\"><span class=\"icon-wrapper circle-no\"><i class=\"fusion-li-icon fa-laptop fas\" aria-hidden=\"true\"><\/i><\/span><div class=\"fusion-li-item-content\">\n<p><strong>TYP<\/strong>: unbetreute Selbstlernkurse<\/p>\n<\/div><\/li><li class=\"fusion-li-item\" style=\"\"><span class=\"icon-wrapper circle-no\"><i class=\"fusion-li-icon fa-info-circle fas\" aria-hidden=\"true\"><\/i><\/span><div class=\"fusion-li-item-content\">\n<p><strong>LIZENZ-INFORMATION:<\/strong> Die Lizenz ist f\u00fcr ein Jahr g\u00fcltig.<\/p>\n<\/div><\/li><\/ul><\/div><\/div><\/div><\/div>\n","protected":false},"excerpt":{"rendered":"<p>Mit digi.skills werden digitale Kompetenzen rund um digitales Arbeiten, Medienwandel und Social Media gef\u00f6rdert. Die Lerninhalte von digi.skills education k\u00f6nnen f\u00fcr die Aus- und Weiterbildung der digitalen Grundbildung eingesetzt werden.<\/p>\n<p>Es stehen in digi.skills in jeder Lektion skills.checks zur \u00dcberpr\u00fcfung der Kenntnisse zur Verf\u00fcgung. Anhand dieser Tests erhalten die Lernenden eine individuelle Lernempfehlung. Abschlie\u00dfend kann eine Wissens\u00fcberpr\u00fcfung durchgef\u00fchrt werden.<\/p>\n","protected":false},"featured_media":8034,"comment_status":"closed","ping_status":"closed","template":"","meta":{"_acf_changed":false},"product_brand":[595],"product_cat":[83,535],"product_tag":[194,196,197],"class_list":{"0":"post-6926","1":"product","2":"type-product","3":"status-publish","4":"has-post-thumbnail","6":"product_brand-bit-media","7":"product_cat-digi-skills","8":"product_cat-einzellernerinnen","9":"product_tag-digi-skills","10":"product_tag-schulen","11":"product_tag-schuelerinnen","13":"first","14":"instock","15":"virtual","16":"taxable","17":"purchasable","18":"product-type-simple"},"acf":[],"_links":{"self":[{"href":"https:\/\/www.bitmedia.at\/en\/wp-json\/wp\/v2\/product\/6926","targetHints":{"allow":["GET"]}}],"collection":[{"href":"https:\/\/www.bitmedia.at\/en\/wp-json\/wp\/v2\/product"}],"about":[{"href":"https:\/\/www.bitmedia.at\/en\/wp-json\/wp\/v2\/types\/product"}],"replies":[{"embeddable":true,"href":"https:\/\/www.bitmedia.at\/en\/wp-json\/wp\/v2\/comments?post=6926"}],"wp:featuredmedia":[{"embeddable":true,"href":"https:\/\/www.bitmedia.at\/en\/wp-json\/wp\/v2\/media\/8034"}],"wp:attachment":[{"href":"https:\/\/www.bitmedia.at\/en\/wp-json\/wp\/v2\/media?parent=6926"}],"wp:term":[{"taxonomy":"product_brand","embeddable":true,"href":"https:\/\/www.bitmedia.at\/en\/wp-json\/wp\/v2\/product_brand?post=6926"},{"taxonomy":"product_cat","embeddable":true,"href":"https:\/\/www.bitmedia.at\/en\/wp-json\/wp\/v2\/product_cat?post=6926"},{"taxonomy":"product_tag","embeddable":true,"href":"https:\/\/www.bitmedia.at\/en\/wp-json\/wp\/v2\/product_tag?post=6926"}],"curies":[{"name":"wp","href":"https:\/\/api.w.org\/{rel}","templated":true}]}}