{"id":8012,"date":"2024-07-30T06:40:22","date_gmt":"2024-07-30T04:40:22","guid":{"rendered":"https:\/\/www.bitmedia.at\/?post_type=product&#038;p=8012"},"modified":"2025-04-14T16:13:01","modified_gmt":"2025-04-14T14:13:01","slug":"digi-skills-kombi-schullizenz","status":"publish","type":"product","link":"https:\/\/www.bitmedia.at\/en\/produkt\/digi-skills-kombi-schullizenz\/","title":{"rendered":"digi.skills kombi Schullizenz"},"content":{"rendered":"<div class=\"fusion-fullwidth fullwidth-box fusion-builder-row-1 fusion-flex-container nonhundred-percent-fullwidth non-hundred-percent-height-scrolling\" style=\"--awb-border-radius-top-left:0px;--awb-border-radius-top-right:0px;--awb-border-radius-bottom-right:0px;--awb-border-radius-bottom-left:0px;--awb-padding-right:0px;--awb-padding-left:0px;--awb-flex-wrap:wrap;\" ><div class=\"fusion-builder-row fusion-row fusion-flex-align-items-flex-start fusion-flex-content-wrap\" style=\"max-width:1248px;margin-left: calc(-4% \/ 2 );margin-right: calc(-4% \/ 2 );\"><div class=\"fusion-layout-column fusion_builder_column fusion-builder-column-0 fusion_builder_column_1_1 1_1 fusion-flex-column\" style=\"--awb-bg-size:cover;--awb-width-large:100%;--awb-margin-top-large:0px;--awb-spacing-right-large:1.92%;--awb-margin-bottom-large:20px;--awb-spacing-left-large:1.92%;--awb-width-medium:100%;--awb-order-medium:0;--awb-spacing-right-medium:1.92%;--awb-spacing-left-medium:1.92%;--awb-width-small:100%;--awb-order-small:0;--awb-spacing-right-small:1.92%;--awb-spacing-left-small:1.92%;\"><div class=\"fusion-column-wrapper fusion-column-has-shadow fusion-flex-justify-content-flex-start fusion-content-layout-column\"><ul style=\"--awb-size:18px;--awb-iconcolor:var(--awb-color8);--awb-line-height:30.6px;--awb-icon-width:30.6px;--awb-icon-height:30.6px;--awb-icon-margin:12.6px;--awb-content-margin:43.2px;\" class=\"fusion-checklist fusion-checklist-1 fusion-checklist-default type-icons\"><li class=\"fusion-li-item\" style=\"\"><span class=\"icon-wrapper circle-no\"><i class=\"fusion-li-icon fa-user-alt fas\" aria-hidden=\"true\"><\/i><\/span><div class=\"fusion-li-item-content\">\n<p><strong>ZIELGRUPPE<\/strong>: Lehrpersonen und Sch\u00fcler:innen ab 5. Schulstufe<\/p>\n<\/div><\/li><li class=\"fusion-li-item\" style=\"\"><span class=\"icon-wrapper circle-no\"><i class=\"fusion-li-icon fa-clock fas\" aria-hidden=\"true\"><\/i><\/span><div class=\"fusion-li-item-content\">\n<p><strong>LERNZEIT<\/strong>: ca. 91 Stunden<\/p>\n<\/div><\/li><li class=\"fusion-li-item\" style=\"\"><span class=\"icon-wrapper circle-no\"><i class=\"fusion-li-icon fa-bullseye fas\" aria-hidden=\"true\"><\/i><\/span><div class=\"fusion-li-item-content\">\n<p><strong>SPRACHE<\/strong>: Deutsch<\/p>\n<\/div><\/li><li class=\"fusion-li-item\" style=\"\"><span class=\"icon-wrapper circle-no\"><i class=\"fusion-li-icon fa-tasks fas\" aria-hidden=\"true\"><\/i><\/span><div class=\"fusion-li-item-content\">\n<p><strong>INHALTE<\/strong>:<\/p>\n<ul>\n<li>digi.skills education<\/li>\n<li>digi.skills student base<\/li>\n<li>digi.skills student base \u00dcbungen<\/li>\n<\/ul>\n<ul>\n<li>digi.skills final.check<\/li>\n<\/ul>\n<ul>\n<li>digi.skills ai<\/li>\n<li>digi.skills teacher base<\/li>\n<\/ul>\n<ul>\n<li>digi.skills teacher enhancement<\/li>\n<\/ul>\n<\/div><\/li><li class=\"fusion-li-item\" style=\"\"><span class=\"icon-wrapper circle-no\"><i class=\"fusion-li-icon fa-laptop fas\" aria-hidden=\"true\"><\/i><\/span><div class=\"fusion-li-item-content\">\n<p><strong>TYP<\/strong>: unbetreute Selbstlernkurse<\/p>\n<\/div><\/li><li class=\"fusion-li-item\" style=\"\"><span class=\"icon-wrapper circle-no\"><i class=\"fusion-li-icon fa-file-alt fas\" aria-hidden=\"true\"><\/i><\/span><div class=\"fusion-li-item-content\">\n<p><strong>ABRECHNUNG:<\/strong> Als Unterrichtsmittel eigener Wahl abrechenbar<\/p>\n<\/div><\/li><li class=\"fusion-li-item\" style=\"\"><span class=\"icon-wrapper circle-no\"><i class=\"fusion-li-icon fa-redo fas\" aria-hidden=\"true\"><\/i><\/span><div class=\"fusion-li-item-content\">\n<p><strong>LIZENZ-INFORMATION:<\/strong>\u00a0Die Lizenz verl\u00e4ngert sich automatisch um ein Jahr und kann mit drei Monaten Frist zum Vertragsjahresende gek\u00fcndigt werden.<\/p>\n<\/div><\/li><\/ul><\/div><\/div><\/div><\/div>\n","protected":false},"excerpt":{"rendered":"<p>Mit digi.skills kombi als umfassendem Paket bieten wir alle Lerninhalte an. Die einfach zu verwaltende Lernplattform dient als Treiber f\u00fcr individuelle Weiterbildung und gesellschaftlichen Fortschritt. digi.skills holt Lernende, Lehrkr\u00e4fte, Sch\u00fcler:innen und Verwaltungspersonal genau dort ab, wo ihr Unterst\u00fctzungsbedarf beginnt.<\/p>\n<p>Die Lerninhalte von digi.skills f\u00f6rdern und st\u00e4rken digitale Kompetenzen. In jeder Lektion stehen skills.checks zur Verf\u00fcgung, um das bestehende Wissen zu \u00fcberpr\u00fcfen. Basierend auf diesen Tests erhalten die Lernenden individuelle Lernempfehlungen. Abschlie\u00dfend kann eine umfassende Wissens\u00fcberpr\u00fcfungen durchgef\u00fchrt werden.<\/p>\n<p>Lehrpersonen k\u00f6nnen die Lernplattform digi.skills individuell verwalten und einfach administrieren.<\/p>\n","protected":false},"featured_media":8039,"comment_status":"closed","ping_status":"closed","template":"","meta":{"_acf_changed":false},"product_brand":[],"product_cat":[83,536],"product_tag":[194,196,197],"class_list":{"0":"post-8012","1":"product","2":"type-product","3":"status-publish","4":"has-post-thumbnail","6":"product_cat-digi-skills","7":"product_cat-schullizenz","8":"product_tag-digi-skills","9":"product_tag-schulen","10":"product_tag-schuelerinnen","12":"first","13":"instock","14":"sold-individually","15":"taxable","16":"shipping-taxable","17":"purchasable","18":"product-type-variable","19":"has-default-attributes"},"acf":[],"_links":{"self":[{"href":"https:\/\/www.bitmedia.at\/en\/wp-json\/wp\/v2\/product\/8012","targetHints":{"allow":["GET"]}}],"collection":[{"href":"https:\/\/www.bitmedia.at\/en\/wp-json\/wp\/v2\/product"}],"about":[{"href":"https:\/\/www.bitmedia.at\/en\/wp-json\/wp\/v2\/types\/product"}],"replies":[{"embeddable":true,"href":"https:\/\/www.bitmedia.at\/en\/wp-json\/wp\/v2\/comments?post=8012"}],"wp:featuredmedia":[{"embeddable":true,"href":"https:\/\/www.bitmedia.at\/en\/wp-json\/wp\/v2\/media\/8039"}],"wp:attachment":[{"href":"https:\/\/www.bitmedia.at\/en\/wp-json\/wp\/v2\/media?parent=8012"}],"wp:term":[{"taxonomy":"product_brand","embeddable":true,"href":"https:\/\/www.bitmedia.at\/en\/wp-json\/wp\/v2\/product_brand?post=8012"},{"taxonomy":"product_cat","embeddable":true,"href":"https:\/\/www.bitmedia.at\/en\/wp-json\/wp\/v2\/product_cat?post=8012"},{"taxonomy":"product_tag","embeddable":true,"href":"https:\/\/www.bitmedia.at\/en\/wp-json\/wp\/v2\/product_tag?post=8012"}],"curies":[{"name":"wp","href":"https:\/\/api.w.org\/{rel}","templated":true}]}}