{"id":8747,"date":"2025-03-10T16:35:24","date_gmt":"2025-03-10T15:35:24","guid":{"rendered":"https:\/\/www.bitmedia.at\/?post_type=product&#038;p=8747"},"modified":"2025-03-11T17:02:28","modified_gmt":"2025-03-11T16:02:28","slug":"package-dcp-lona-education-schullizenz","status":"publish","type":"product","link":"https:\/\/www.bitmedia.at\/en\/produkt\/package-dcp-lona-education-schullizenz\/","title":{"rendered":"Package DCP\u00ae \u2013 LONA Education Schullizenz"},"content":{"rendered":"<div class=\"fusion-fullwidth fullwidth-box fusion-builder-row-1 fusion-flex-container nonhundred-percent-fullwidth non-hundred-percent-height-scrolling\" style=\"--awb-border-radius-top-left:0px;--awb-border-radius-top-right:0px;--awb-border-radius-bottom-right:0px;--awb-border-radius-bottom-left:0px;--awb-padding-right:0px;--awb-padding-left:0px;--awb-flex-wrap:wrap;\" ><div class=\"fusion-builder-row fusion-row fusion-flex-align-items-flex-start fusion-flex-content-wrap\" style=\"max-width:1248px;margin-left: calc(-4% \/ 2 );margin-right: calc(-4% \/ 2 );\"><div class=\"fusion-layout-column fusion_builder_column fusion-builder-column-0 fusion_builder_column_1_1 1_1 fusion-flex-column\" style=\"--awb-bg-size:cover;--awb-width-large:100%;--awb-margin-top-large:0px;--awb-spacing-right-large:1.92%;--awb-margin-bottom-large:20px;--awb-spacing-left-large:1.92%;--awb-width-medium:100%;--awb-order-medium:0;--awb-spacing-right-medium:1.92%;--awb-spacing-left-medium:1.92%;--awb-width-small:100%;--awb-order-small:0;--awb-spacing-right-small:1.92%;--awb-spacing-left-small:1.92%;\"><div class=\"fusion-column-wrapper fusion-column-has-shadow fusion-flex-justify-content-flex-start fusion-content-layout-column\"><ul style=\"--awb-size:18px;--awb-iconcolor:var(--awb-color8);--awb-line-height:30.6px;--awb-icon-width:30.6px;--awb-icon-height:30.6px;--awb-icon-margin:12.6px;--awb-content-margin:43.2px;\" class=\"fusion-checklist fusion-checklist-1 fusion-checklist-default type-icons\"><li class=\"fusion-li-item\" style=\"\"><span class=\"icon-wrapper circle-no\"><i class=\"fusion-li-icon fa-user-alt fas\" aria-hidden=\"true\"><\/i><\/span><div class=\"fusion-li-item-content\">\n<p><strong>ZIELGRUPPE<\/strong>: Lehrpersonen und Sch\u00fcler:innen ab 5. Schulstufe<\/p>\n<\/div><\/li><li class=\"fusion-li-item\" style=\"\"><span class=\"icon-wrapper circle-no\"><i class=\"fusion-li-icon fa-clock fas\" aria-hidden=\"true\"><\/i><\/span><div class=\"fusion-li-item-content\">\n<p><strong>LERNZEIT<\/strong>: ca. 38,5 Stunden<\/p>\n<\/div><\/li><li class=\"fusion-li-item\" style=\"\"><span class=\"icon-wrapper circle-no\"><i class=\"fusion-li-icon fa-bullseye fas\" aria-hidden=\"true\"><\/i><\/span><div class=\"fusion-li-item-content\">\n<p><strong>SPRACHE<\/strong>: Deutsch<\/p>\n<\/div><\/li><li class=\"fusion-li-item\" style=\"\"><span class=\"icon-wrapper circle-no\"><i class=\"fusion-li-icon fa-tasks fas\" aria-hidden=\"true\"><\/i><\/span><div class=\"fusion-li-item-content\">\n<p><strong>INHALTE<\/strong>:<\/p>\n<ul>\n<li>Basismodul: Fit4DCP<\/li>\n<li>DCP Basic \u2013 Modul 1: IKT Grundlagen<\/li>\n<li>DCP Basic \u2013 Modul 2: Office Grundlagen<\/li>\n<li>DCP Plus \u2013 Modul 3a: Wissenschaftliche Dokumente<\/li>\n<li>DCP Plus \u2013 Modul 3b: Datenverwaltung<\/li>\n<li>DCP Plus \u2013 Modul 4: Digitale Zusammenarbeit<\/li>\n<li>DCP Pro Artificial Intelligence \u2013 Modul 1: AI verstehen<\/li>\n<\/ul>\n<\/div><\/li><li class=\"fusion-li-item\" style=\"\"><span class=\"icon-wrapper circle-no\"><i class=\"fusion-li-icon fa-laptop fas\" aria-hidden=\"true\"><\/i><\/span><div class=\"fusion-li-item-content\">\n<p><strong>TYP:<\/strong>\u00a0unbetreute Selbstlernkurse<\/p>\n<\/div><\/li><li class=\"fusion-li-item\" style=\"\"><span class=\"icon-wrapper circle-no\"><i class=\"fusion-li-icon fa-file-alt fas\" aria-hidden=\"true\"><\/i><\/span><div class=\"fusion-li-item-content\">\n<p><strong>ABRECHNUNG:<\/strong>\u00a0Als Unterrichtsmittel eigener Wahl abrechenbar<\/p>\n<\/div><\/li><li class=\"fusion-li-item\" style=\"\"><span class=\"icon-wrapper circle-no\"><i class=\"fusion-li-icon fa-redo fas\" aria-hidden=\"true\"><\/i><\/span><div class=\"fusion-li-item-content\">\n<p><strong>LIZENZ-INFORMATION: <\/strong>Die Lizenz verl\u00e4ngert sich automatisch um ein Jahr und kann mit drei Monaten Frist zum Vertragsjahresende gek\u00fcndigt werden.<\/p>\n<\/div><\/li><\/ul><\/div><\/div><\/div><\/div>\n","protected":false},"excerpt":{"rendered":"<p>Das Kurspaket \u201eDCP\u00ae\u201c (Digital Competence Pass) auf der Lernplattform LONA Education bietet eine flexible und moderne L\u00f6sung f\u00fcr digitales Lernen.<\/p>\n<p>Dank der benutzerfreundlichen Oberfl\u00e4che und den interaktiven Inhalten k\u00f6nnen Lehrpersonen den Sch\u00fcler:innen jederzeit hochwertige Lernmaterialien zur Verf\u00fcgung stellen.<\/p>\n<p>Das Package \u201eDCP\u00ae\u201c umfasst e-Learning zum Aufbau von Kompetenzen im Bereich der digitalen Grundbildung. Die Module dienen als optimale Vorbereitung zur DCP\u00ae-Zertifizierung.<\/p>\n<p>Die e-Learning erm\u00f6glichen effizientes Selbststudium sowie gezieltes Training mit praxisnahen \u00dcbungen, die den Wissenstransfer erleichtern.<\/p>\n<p>Mit LONA Education optimieren Sie die Aus- und Weiterbildung digital, kosteneffizient und nachhaltig.<\/p>\n","protected":false},"featured_media":8677,"comment_status":"closed","ping_status":"closed","template":"","meta":{"_acf_changed":false},"product_brand":[],"product_cat":[545,546],"product_tag":[196,197,547,548],"class_list":{"0":"post-8747","1":"product","2":"type-product","3":"status-publish","4":"has-post-thumbnail","6":"product_cat-lona-education","7":"product_cat-schullizenz-lona-education","8":"product_tag-schulen","9":"product_tag-schuelerinnen","10":"product_tag-lona","11":"product_tag-lona-education","13":"first","14":"instock","15":"sold-individually","16":"taxable","17":"shipping-taxable","18":"purchasable","19":"product-type-variable","20":"has-default-attributes"},"acf":[],"_links":{"self":[{"href":"https:\/\/www.bitmedia.at\/en\/wp-json\/wp\/v2\/product\/8747","targetHints":{"allow":["GET"]}}],"collection":[{"href":"https:\/\/www.bitmedia.at\/en\/wp-json\/wp\/v2\/product"}],"about":[{"href":"https:\/\/www.bitmedia.at\/en\/wp-json\/wp\/v2\/types\/product"}],"replies":[{"embeddable":true,"href":"https:\/\/www.bitmedia.at\/en\/wp-json\/wp\/v2\/comments?post=8747"}],"wp:featuredmedia":[{"embeddable":true,"href":"https:\/\/www.bitmedia.at\/en\/wp-json\/wp\/v2\/media\/8677"}],"wp:attachment":[{"href":"https:\/\/www.bitmedia.at\/en\/wp-json\/wp\/v2\/media?parent=8747"}],"wp:term":[{"taxonomy":"product_brand","embeddable":true,"href":"https:\/\/www.bitmedia.at\/en\/wp-json\/wp\/v2\/product_brand?post=8747"},{"taxonomy":"product_cat","embeddable":true,"href":"https:\/\/www.bitmedia.at\/en\/wp-json\/wp\/v2\/product_cat?post=8747"},{"taxonomy":"product_tag","embeddable":true,"href":"https:\/\/www.bitmedia.at\/en\/wp-json\/wp\/v2\/product_tag?post=8747"}],"curies":[{"name":"wp","href":"https:\/\/api.w.org\/{rel}","templated":true}]}}