{"id":8805,"date":"2025-03-11T10:17:14","date_gmt":"2025-03-11T09:17:14","guid":{"rendered":"https:\/\/www.bitmedia.at\/?post_type=product&#038;p=8805"},"modified":"2025-03-12T09:39:01","modified_gmt":"2025-03-12T08:39:01","slug":"package-cyber-security-lona-education-erwachsenenbildung","status":"publish","type":"product","link":"https:\/\/www.bitmedia.at\/en\/produkt\/package-cyber-security-lona-education-erwachsenenbildung\/","title":{"rendered":"Package CYBER SECURITY \u2013 LONA Education Erwachsenenbildung"},"content":{"rendered":"<div class=\"fusion-fullwidth fullwidth-box fusion-builder-row-1 fusion-flex-container nonhundred-percent-fullwidth non-hundred-percent-height-scrolling\" style=\"--awb-border-radius-top-left:0px;--awb-border-radius-top-right:0px;--awb-border-radius-bottom-right:0px;--awb-border-radius-bottom-left:0px;--awb-padding-right:0px;--awb-padding-left:0px;--awb-flex-wrap:wrap;\" ><div class=\"fusion-builder-row fusion-row fusion-flex-align-items-flex-start fusion-flex-content-wrap\" style=\"max-width:1248px;margin-left: calc(-4% \/ 2 );margin-right: calc(-4% \/ 2 );\"><div class=\"fusion-layout-column fusion_builder_column fusion-builder-column-0 fusion_builder_column_1_1 1_1 fusion-flex-column\" style=\"--awb-bg-size:cover;--awb-width-large:100%;--awb-margin-top-large:0px;--awb-spacing-right-large:1.92%;--awb-margin-bottom-large:20px;--awb-spacing-left-large:1.92%;--awb-width-medium:100%;--awb-order-medium:0;--awb-spacing-right-medium:1.92%;--awb-spacing-left-medium:1.92%;--awb-width-small:100%;--awb-order-small:0;--awb-spacing-right-small:1.92%;--awb-spacing-left-small:1.92%;\"><div class=\"fusion-column-wrapper fusion-column-has-shadow fusion-flex-justify-content-flex-start fusion-content-layout-column\"><ul style=\"--awb-size:18px;--awb-iconcolor:var(--awb-color8);--awb-line-height:30.6px;--awb-icon-width:30.6px;--awb-icon-height:30.6px;--awb-icon-margin:12.6px;--awb-content-margin:43.2px;\" class=\"fusion-checklist fusion-checklist-1 fusion-checklist-default type-icons\"><li class=\"fusion-li-item\" style=\"\"><span class=\"icon-wrapper circle-no\"><i class=\"fusion-li-icon fa-user-alt fas\" aria-hidden=\"true\"><\/i><\/span><div class=\"fusion-li-item-content\">\n<p><strong>ZIELGRUPPE<\/strong>: Mitarbeiter:innen von Unternehmen und Institutionen, Wieder- bzw. Quereinsteiger:innen<\/p>\n<\/div><\/li><li class=\"fusion-li-item\" style=\"\"><span class=\"icon-wrapper circle-no\"><i class=\"fusion-li-icon fa-clock fas\" aria-hidden=\"true\"><\/i><\/span><div class=\"fusion-li-item-content\">\n<p><strong>LERNZEIT<\/strong>: ca. 16 Stunden<\/p>\n<\/div><\/li><li class=\"fusion-li-item\" style=\"\"><span class=\"icon-wrapper circle-no\"><i class=\"fusion-li-icon fa-bullseye fas\" aria-hidden=\"true\"><\/i><\/span><div class=\"fusion-li-item-content\">\n<p><strong>SPRACHE<\/strong>: Deutsch<\/p>\n<\/div><\/li><li class=\"fusion-li-item\" style=\"\"><span class=\"icon-wrapper circle-no\"><i class=\"fusion-li-icon fa-tasks fas\" aria-hidden=\"true\"><\/i><\/span><div class=\"fusion-li-item-content\">\n<p><strong>INHALTE<\/strong>:<\/p>\n<ul>\n<li>Modul 1: Grundlagen der Sicherheits- und Netzwerktechnik<\/li>\n<li>Modul 2: Schutz vor Bedrohungen<\/li>\n<li>Modul 3: Verschiedene Angriffsm\u00f6glichkeiten<\/li>\n<li>Modul 4: Sicherheitsl\u00fccken identifizieren<\/li>\n<li>Modul 5: Vertiefende Netzwerktechnik<\/li>\n<\/ul>\n<\/div><\/li><li class=\"fusion-li-item\" style=\"\"><span class=\"icon-wrapper circle-no\"><i class=\"fusion-li-icon fa-laptop fas\" aria-hidden=\"true\"><\/i><\/span><div class=\"fusion-li-item-content\">\n<p><strong>TYP:<\/strong>\u00a0unbetreute Selbstlernkurse<\/p>\n<\/div><\/li><li class=\"fusion-li-item\" style=\"\"><span class=\"icon-wrapper circle-no\"><i class=\"fusion-li-icon fa-redo fas\" aria-hidden=\"true\"><\/i><\/span><div class=\"fusion-li-item-content\">\n<p><strong>LIZENZ-INFORMATION: <\/strong>Die Lizenz verl\u00e4ngert sich automatisch um ein Jahr und kann mit drei Monaten Frist zum Vertragsjahresende gek\u00fcndigt werden.<\/p>\n<\/div><\/li><\/ul><\/div><\/div><\/div><\/div>\n","protected":false},"excerpt":{"rendered":"<p>Das Kurspaket \u201eCyber Security\u201c auf der Lernplattform LONA Education bietet eine flexible und moderne L\u00f6sung f\u00fcr digitales Lernen.<\/p>\n<p>Dank der benutzerfreundlichen Oberfl\u00e4che und den interaktiven Inhalten k\u00f6nnen Lehrpersonen den Sch\u00fcler:innen jederzeit hochwertige Lernmaterialien zur Verf\u00fcgung stellen.<\/p>\n<p>Das Package \u201eCyber Security\u201c umfasst e-Learning zum Aufbau von Kompetenzen im Bereich der Sicherheit und Netzwerktechnik sowie unterschiedliche Konzepte zum Schutz des eigenen Ger\u00e4tes. Zus\u00e4tzlich vermittelt das Paket Wissen in den Bereichen Penetration Testing, digitale Forensik und Abwehr von Cyberangriffen Schritt f\u00fcr Schritt, das essenziell f\u00fcr IT-Verantwortliche ist.<\/p>\n<p>Die e-Learning erm\u00f6glichen effizientes Selbststudium sowie gezieltes Training mit praxisnahen \u00dcbungen, die den Wissenstransfer erleichtern.<\/p>\n<p>Mit LONA Education optimieren Sie die Aus- und Weiterbildung digital, kosteneffizient und nachhaltig.<\/p>\n","protected":false},"featured_media":8673,"comment_status":"closed","ping_status":"closed","template":"","meta":{"_acf_changed":false},"product_brand":[],"product_cat":[545,556],"product_tag":[196,197,547,548],"class_list":{"0":"post-8805","1":"product","2":"type-product","3":"status-publish","4":"has-post-thumbnail","6":"product_cat-lona-education","7":"product_cat-erwachsenenbildung","8":"product_tag-schulen","9":"product_tag-schuelerinnen","10":"product_tag-lona","11":"product_tag-lona-education","13":"first","14":"instock","15":"sold-individually","16":"taxable","17":"shipping-taxable","18":"purchasable","19":"product-type-variable","20":"has-default-attributes"},"acf":[],"_links":{"self":[{"href":"https:\/\/www.bitmedia.at\/en\/wp-json\/wp\/v2\/product\/8805","targetHints":{"allow":["GET"]}}],"collection":[{"href":"https:\/\/www.bitmedia.at\/en\/wp-json\/wp\/v2\/product"}],"about":[{"href":"https:\/\/www.bitmedia.at\/en\/wp-json\/wp\/v2\/types\/product"}],"replies":[{"embeddable":true,"href":"https:\/\/www.bitmedia.at\/en\/wp-json\/wp\/v2\/comments?post=8805"}],"wp:featuredmedia":[{"embeddable":true,"href":"https:\/\/www.bitmedia.at\/en\/wp-json\/wp\/v2\/media\/8673"}],"wp:attachment":[{"href":"https:\/\/www.bitmedia.at\/en\/wp-json\/wp\/v2\/media?parent=8805"}],"wp:term":[{"taxonomy":"product_brand","embeddable":true,"href":"https:\/\/www.bitmedia.at\/en\/wp-json\/wp\/v2\/product_brand?post=8805"},{"taxonomy":"product_cat","embeddable":true,"href":"https:\/\/www.bitmedia.at\/en\/wp-json\/wp\/v2\/product_cat?post=8805"},{"taxonomy":"product_tag","embeddable":true,"href":"https:\/\/www.bitmedia.at\/en\/wp-json\/wp\/v2\/product_tag?post=8805"}],"curies":[{"name":"wp","href":"https:\/\/api.w.org\/{rel}","templated":true}]}}