{"id":8886,"date":"2025-03-11T10:43:59","date_gmt":"2025-03-11T09:43:59","guid":{"rendered":"https:\/\/www.bitmedia.at\/?post_type=product&#038;p=8886"},"modified":"2025-05-26T10:43:52","modified_gmt":"2025-05-26T08:43:52","slug":"package-wirtschaft-lona-education-einzellerner","status":"publish","type":"product","link":"https:\/\/www.bitmedia.at\/en\/produkt\/package-wirtschaft-lona-education-einzellerner\/","title":{"rendered":"Package WIRTSCHAFT \u2013 LONA Education Einzellerner:in"},"content":{"rendered":"<div class=\"fusion-fullwidth fullwidth-box fusion-builder-row-1 fusion-flex-container nonhundred-percent-fullwidth non-hundred-percent-height-scrolling\" style=\"--awb-border-radius-top-left:0px;--awb-border-radius-top-right:0px;--awb-border-radius-bottom-right:0px;--awb-border-radius-bottom-left:0px;--awb-padding-right:0px;--awb-padding-left:0px;--awb-flex-wrap:wrap;\" ><div class=\"fusion-builder-row fusion-row fusion-flex-align-items-flex-start fusion-flex-content-wrap\" style=\"max-width:1248px;margin-left: calc(-4% \/ 2 );margin-right: calc(-4% \/ 2 );\"><div class=\"fusion-layout-column fusion_builder_column fusion-builder-column-0 fusion_builder_column_1_1 1_1 fusion-flex-column\" style=\"--awb-bg-size:cover;--awb-width-large:100%;--awb-margin-top-large:0px;--awb-spacing-right-large:1.92%;--awb-margin-bottom-large:20px;--awb-spacing-left-large:1.92%;--awb-width-medium:100%;--awb-order-medium:0;--awb-spacing-right-medium:1.92%;--awb-spacing-left-medium:1.92%;--awb-width-small:100%;--awb-order-small:0;--awb-spacing-right-small:1.92%;--awb-spacing-left-small:1.92%;\"><div class=\"fusion-column-wrapper fusion-column-has-shadow fusion-flex-justify-content-flex-start fusion-content-layout-column\"><ul style=\"--awb-size:18px;--awb-iconcolor:var(--awb-color8);--awb-line-height:30.6px;--awb-icon-width:30.6px;--awb-icon-height:30.6px;--awb-icon-margin:12.6px;--awb-content-margin:43.2px;\" class=\"fusion-checklist fusion-checklist-1 fusion-checklist-default type-icons\"><li class=\"fusion-li-item\" style=\"\"><span class=\"icon-wrapper circle-no\"><i class=\"fusion-li-icon fa-user-alt fas\" aria-hidden=\"true\"><\/i><\/span><div class=\"fusion-li-item-content\">\n<p><strong>ZIELGRUPPE<\/strong>: Privatpersonen, Mitarbeiter:innen von Unternehmen und Institutionen, Sch\u00fcler:innen ab 5. Schulstufe<\/p>\n<\/div><\/li><li class=\"fusion-li-item\" style=\"\"><span class=\"icon-wrapper circle-no\"><i class=\"fusion-li-icon fa-clock fas\" aria-hidden=\"true\"><\/i><\/span><div class=\"fusion-li-item-content\">\n<p><strong>LERNZEIT<\/strong>: ca. 36 Stunden<\/p>\n<\/div><\/li><li class=\"fusion-li-item\" style=\"\"><span class=\"icon-wrapper circle-no\"><i class=\"fusion-li-icon fa-bullseye fas\" aria-hidden=\"true\"><\/i><\/span><div class=\"fusion-li-item-content\">\n<p><strong>SPRACHE<\/strong>: Deutsch<\/p>\n<\/div><\/li><li class=\"fusion-li-item\" style=\"\"><span class=\"icon-wrapper circle-no\"><i class=\"fusion-li-icon fa-tasks fas\" aria-hidden=\"true\"><\/i><\/span><div class=\"fusion-li-item-content\">\n<p><strong>INHALTE<\/strong>:<\/p>\n<ul>\n<li>Wirtschaftliche Grundlagen \u2013 Modul A<\/li>\n<li>Volkswirtschaftliche Grundlagen \u2013 Modul B<\/li>\n<li>Betriebswirtschaftliche Grundlagen \u2013 Modul C<\/li>\n<\/ul>\n<\/div><\/li><li class=\"fusion-li-item\" style=\"\"><span class=\"icon-wrapper circle-no\"><i class=\"fusion-li-icon fa-laptop fas\" aria-hidden=\"true\"><\/i><\/span><div class=\"fusion-li-item-content\">\n<p><strong>TYP:<\/strong>\u00a0unbetreute Selbstlernkurse<\/p>\n<\/div><\/li><li class=\"fusion-li-item\" style=\"\"><span class=\"icon-wrapper circle-no\"><i class=\"fusion-li-icon fa-info-circle fas\" aria-hidden=\"true\"><\/i><\/span><div class=\"fusion-li-item-content\">\n<p><strong>LIZENZ-INFORMATION:<\/strong> Die Lizenz ist f\u00fcr ein Jahr g\u00fcltig.<\/p>\n<\/div><\/li><\/ul><\/div><\/div><\/div><\/div>\n","protected":false},"excerpt":{"rendered":"<p>Das Kurspaket \u201eWirtschaft\u201c auf der Lernplattform LONA Education bietet eine flexible und moderne L\u00f6sung f\u00fcr digitales Lernen.<\/p>\n<p>Dank der benutzerfreundlichen Oberfl\u00e4che und den interaktiven Inhalten k\u00f6nnen Lehrpersonen den Sch\u00fcler:innen jederzeit hochwertige Lernmaterialien zur Verf\u00fcgung stellen.<\/p>\n<p>Das Package \u201eWirtschaft\u201c umfasst e-Learning zum Aufbau von Kompetenzen im Bereich der wirtschaftlichen, betriebswirtschaftlichen und volkswirtschaftlichen Grundlagen. Die Module dienen als optimale Vorbereitung zur Unternehmerf\u00fchrerschein\u00ae-Zertifizierung.<\/p>\n<p>Die e-Learning erm\u00f6glichen effizientes Selbststudium sowie gezieltes Training mit praxisnahen \u00dcbungen, die den Wissenstransfer erleichtern.<\/p>\n<p>Mit LONA Education optimieren Sie die Aus- und Weiterbildung digital, kosteneffizient und nachhaltig.<\/p>\n","protected":false},"featured_media":8690,"comment_status":"closed","ping_status":"closed","template":"","meta":{"_acf_changed":false},"product_brand":[],"product_cat":[545,560],"product_tag":[547,548,196,197],"class_list":{"0":"post-8886","1":"product","2":"type-product","3":"status-publish","4":"has-post-thumbnail","6":"product_cat-lona-education","7":"product_cat-einzellerner","8":"product_tag-lona","9":"product_tag-lona-education","10":"product_tag-schulen","11":"product_tag-schuelerinnen","13":"first","14":"instock","15":"virtual","16":"taxable","17":"purchasable","18":"product-type-simple"},"acf":[],"_links":{"self":[{"href":"https:\/\/www.bitmedia.at\/en\/wp-json\/wp\/v2\/product\/8886","targetHints":{"allow":["GET"]}}],"collection":[{"href":"https:\/\/www.bitmedia.at\/en\/wp-json\/wp\/v2\/product"}],"about":[{"href":"https:\/\/www.bitmedia.at\/en\/wp-json\/wp\/v2\/types\/product"}],"replies":[{"embeddable":true,"href":"https:\/\/www.bitmedia.at\/en\/wp-json\/wp\/v2\/comments?post=8886"}],"wp:featuredmedia":[{"embeddable":true,"href":"https:\/\/www.bitmedia.at\/en\/wp-json\/wp\/v2\/media\/8690"}],"wp:attachment":[{"href":"https:\/\/www.bitmedia.at\/en\/wp-json\/wp\/v2\/media?parent=8886"}],"wp:term":[{"taxonomy":"product_brand","embeddable":true,"href":"https:\/\/www.bitmedia.at\/en\/wp-json\/wp\/v2\/product_brand?post=8886"},{"taxonomy":"product_cat","embeddable":true,"href":"https:\/\/www.bitmedia.at\/en\/wp-json\/wp\/v2\/product_cat?post=8886"},{"taxonomy":"product_tag","embeddable":true,"href":"https:\/\/www.bitmedia.at\/en\/wp-json\/wp\/v2\/product_tag?post=8886"}],"curies":[{"name":"wp","href":"https:\/\/api.w.org\/{rel}","templated":true}]}}